{"id":84,"date":"2020-08-06T11:24:32","date_gmt":"2020-08-06T09:24:32","guid":{"rendered":"http:\/\/urbanlab.loc\/?page_id=84"},"modified":"2022-09-05T14:24:48","modified_gmt":"2022-09-05T12:24:48","slug":"o-projekcie","status":"publish","type":"page","link":"https:\/\/newurbpact.pl\/?page_id=84","title":{"rendered":"O projekcie"},"content":{"rendered":"\n<h1>Nowy model urbanizacji w Polsce &#8211; praktyczne wdro\u017cenie zasad odpowiedzialnej urbanizacji oraz miasta zwartego<\/h1>\n\n\n\n<div class=\"wp-block-image\"><figure class=\"aligncenter size-thumbnail is-resized\"><img loading=\"lazy\" src=\"https:\/\/newurbpact.pl\/wp-content\/uploads\/2020\/10\/newurbpact.svg\" alt=\"\" class=\"wp-image-1222\" width=\"224\" height=\"150\"\/><figcaption><span class=\"has-inline-color has-dark-color\">Logo projektu NewUrbPact<\/span><\/figcaption><\/figure><\/div>\n\n\n\n<p>Instytut Rozwoju Miast i Region\u00f3w, wsp\u00f3lnie z Ministerstwem Rozwoju i Technologii (Lider konsorcjum) oraz Uczelni\u0105 \u0141azarskiego, realizuje projekt \u201eNowy model urbanizacji w Polsce \u2013 praktyczne wdro\u017cenie zasad odpowiedzialnej urbanizacji oraz miasta zwartego (NewUrbPact)&#8221;, wsp\u00f3\u0142finansowany przez Narodowe Centrum Bada\u0144 i Rozwoju w ramach Strategicznego Programu Bada\u0144 Naukowych i Prac Rozwojowych \u201eSpo\u0142eczny i gospodarczy rozw\u00f3j Polski w warunkach globalizuj\u0105cych si\u0119 rynk\u00f3w\u201d \u2013 GOSPOSTRATEG.&nbsp;<\/p>\n\n\n\n<div class=\"wp-block-image is-style-default\"><figure class=\"aligncenter size-full is-resized\"><a href=\"https:\/\/www.gov.pl\/web\/ncbr\" target=\"_blank\" rel=\"noopener\"><img loading=\"lazy\" src=\"https:\/\/newurbpact.pl\/wp-content\/uploads\/2020\/12\/PROJEK_1-removebg-preview.png\" alt=\"\" class=\"wp-image-1565\" width=\"1089\" height=\"129\" srcset=\"https:\/\/newurbpact.pl\/wp-content\/uploads\/2020\/12\/PROJEK_1-removebg-preview.png 1452w, https:\/\/newurbpact.pl\/wp-content\/uploads\/2020\/12\/PROJEK_1-removebg-preview-300x36.png 300w, https:\/\/newurbpact.pl\/wp-content\/uploads\/2020\/12\/PROJEK_1-removebg-preview-1024x121.png 1024w, https:\/\/newurbpact.pl\/wp-content\/uploads\/2020\/12\/PROJEK_1-removebg-preview-768x91.png 768w, https:\/\/newurbpact.pl\/wp-content\/uploads\/2020\/12\/PROJEK_1-removebg-preview-600x71.png 600w, https:\/\/newurbpact.pl\/wp-content\/uploads\/2020\/12\/PROJEK_1-removebg-preview-273x32.png 273w, https:\/\/newurbpact.pl\/wp-content\/uploads\/2020\/12\/PROJEK_1-removebg-preview-546x65.png 546w, https:\/\/newurbpact.pl\/wp-content\/uploads\/2020\/12\/PROJEK_1-removebg-preview-1200x142.png 1200w, https:\/\/newurbpact.pl\/wp-content\/uploads\/2020\/12\/PROJEK_1-removebg-preview-1160x137.png 1160w\" sizes=\"(max-width: 1089px) 100vw, 1089px\" \/><\/a><\/figure><\/div>\n\n\n\n<p><strong>Przeciwdzia\u0142anie zjawiskom niekontrolowanej suburbanizacji i kurczenia si\u0119 miast<\/strong><\/p>\n\n\n\n<p>Niekontrolowana suburbanizacji i kurczenie si\u0119 miast to najwi\u0119ksze wyzwania dla zr\u00f3wnowa\u017conego rozwoju miast oraz ich obszar\u00f3w funkcjonalnych. G\u0142\u00f3wnym celem projektu jest wypracowanie wzorcowych rozwi\u0105za\u0144 na rzecz odpowiedzialnej urbanizacji w Polsce oraz przygotowanie ich do wdro\u017cenia do zasadniczego nurtu polityk pa\u0144stwa w obszarze planowania i zagospodarowania przestrzennego, rewitalizacji, gospodarki nieruchomo\u015bciami i mieszkalnictwa.&nbsp;<\/p>\n\n\n\n<p>Rezultaty projektu pos\u0142u\u017c\u0105 podniesieniu jako\u015bci i znaczenia planowania przestrzennego oraz wzmocnienia jego roli jako instrumentu zarz\u0105dzania i kszta\u0142towania proces\u00f3w urbanizacji w Polsce.<\/p>\n\n\n\n<div class=\"wp-block-image is-style-default\"><figure class=\"alignleft size-full is-resized\"><img loading=\"lazy\" src=\"https:\/\/newurbpact.pl\/wp-content\/uploads\/2022\/09\/NUP.png\" alt=\"\" class=\"wp-image-1917\" width=\"1024\" height=\"768\" srcset=\"https:\/\/newurbpact.pl\/wp-content\/uploads\/2022\/09\/NUP.png 1024w, https:\/\/newurbpact.pl\/wp-content\/uploads\/2022\/09\/NUP-300x225.png 300w, https:\/\/newurbpact.pl\/wp-content\/uploads\/2022\/09\/NUP-768x576.png 768w, https:\/\/newurbpact.pl\/wp-content\/uploads\/2022\/09\/NUP-600x450.png 600w, https:\/\/newurbpact.pl\/wp-content\/uploads\/2022\/09\/NUP-273x205.png 273w, https:\/\/newurbpact.pl\/wp-content\/uploads\/2022\/09\/NUP-546x410.png 546w\" sizes=\"(max-width: 1024px) 100vw, 1024px\" \/><figcaption><span class=\"has-inline-color has-dark-color\">Szczeg\u00f3\u0142y projektu NewUrbPact<\/span><\/figcaption><\/figure><\/div>\n\n\n\n<p><\/p>\n\n\n\n<h4><strong>Etapy realizacji projektu<\/strong><\/h4>\n\n\n\n<p>W pierwszym etapie realizowane b\u0119d\u0105 badania podstawowe i badania stosowane, maj\u0105ce na celu rozpoznanie uwarunkowa\u0144 i przebiegu, a tak\u017ce okre\u015blenie wp\u0142ywu zachodz\u0105cych w Polsce proces\u00f3w urbanizacji (zw\u0142aszcza zjawisk niekontrolowanej suburbanizacji i kurczenia si\u0119 miast) na spo\u0142eczno-gospodarczy rozw\u00f3j kraju (w tym na funkcjonowanie samorz\u0105d\u00f3w oraz warunki \u017cycia mieszka\u0144c\u00f3w i prowadzenia dzia\u0142alno\u015bci gospodarczej). Na podstawie ich wynik\u00f3w wypracowane zostan\u0105 modelowe rozwi\u0105zania na rzecz odpowiedzialnej urbanizacji w Polsce, kt\u00f3re w drugim etapie projektu b\u0119d\u0105 przygotowywane do wdro\u017cenia w praktyce (m.in. poprzez konferencje, seminaria eksperckie i spotkania konsultacyjne).<\/p>\n\n\n\n<div class=\"wp-block-image\"><figure class=\"alignleft size-full\"><img loading=\"lazy\" width=\"1024\" height=\"768\" src=\"https:\/\/newurbpact.pl\/wp-content\/uploads\/2020\/10\/zadania.png\" alt=\"\" class=\"wp-image-1253\" srcset=\"https:\/\/newurbpact.pl\/wp-content\/uploads\/2020\/10\/zadania.png 1024w, https:\/\/newurbpact.pl\/wp-content\/uploads\/2020\/10\/zadania-300x225.png 300w, https:\/\/newurbpact.pl\/wp-content\/uploads\/2020\/10\/zadania-768x576.png 768w, https:\/\/newurbpact.pl\/wp-content\/uploads\/2020\/10\/zadania-600x450.png 600w, https:\/\/newurbpact.pl\/wp-content\/uploads\/2020\/10\/zadania-273x205.png 273w, https:\/\/newurbpact.pl\/wp-content\/uploads\/2020\/10\/zadania-546x410.png 546w\" sizes=\"(max-width: 1024px) 100vw, 1024px\" \/><figcaption><span class=\"has-inline-color has-dark-color\">Zadania projektowe<\/span><\/figcaption><\/figure><\/div>\n\n\n\n<p><strong>Zadanie 1. Specyfika polskiego modelu urbanizacji w \u015bwietle uj\u0119\u0107 teoretycznych i do\u015bwiadcze\u0144 mi\u0119dzynarodowych <\/strong>(badania podstawowe) <br><br>Realizacja zadania ma na celu uzupe\u0142nienie i rozwini\u0119cie istniej\u0105cego stanu wiedzy w zakresie przebiegu i specyfiki proces\u00f3w urbanizacji w Polsce, jak r\u00f3wnie\u017c stworzenie rzetelnych podstaw dla bada\u0144 stosowanych. Jednymi z g\u0142\u00f3wnych produkt\u00f3w zadania b\u0119d\u0105 wielowymiarowe delimitacje stref intensywnej suburbanizacji oraz miast kurcz\u0105cych si\u0119 w Polsce.<br><br><strong>Zadanie 2. Mechanizmy zarz\u0105dzania i przeciwdzia\u0142ania suburbanizacji i kurczenia si\u0119 miast<\/strong> (badania stosowane)<br><br>W ramach zadania kompleksowo rozpoznane zostan\u0105 uwarunkowania oraz konsekwencje proces\u00f3w suburbanizacji i kurczenia si\u0119 miast w Polsce. Jednocze\u015bnie celem bada\u0144 jest identyfikacja zagranicznych oraz krajowych do\u015bwiadcze\u0144 i rozwi\u0105za\u0144 w zakresie przeciwdzia\u0142ania suburbanizacji oraz kurczeniu si\u0119 miast. Realizacja zadania zwie\u0144czona zostanie opracowaniem modelowych rozwi\u0105za\u0144 na rzecz odpowiedzialnej urbanizacji w Polsce oraz katalogu rekomendacji dla r\u00f3\u017cnych podmiot\u00f3w.<br><br><strong>Zadanie 3. Konsultacje i pilota\u017c modelowych rozwi\u0105za\u0144 na rzecz odpowiedzialnej urbanizacji w Polsce<\/strong> (faza przygotowania wynik\u00f3w bada\u0144 naukowych do zastosowania w praktyce)<br><br>Aplikacyjny wymiar projektu obejmowa\u0142 b\u0119dzie m.in. organizacj\u0119 wizyt studyjnych oraz konferencji, seminari\u00f3w eksperckich i spotka\u0144 konsultacyjnych, podczas kt\u00f3rych prezentowane i dyskutowane b\u0119d\u0105 propozycje modelowych rozwi\u0105za\u0144 na rzecz odpowiedzialnej urbanizacji w Polsce. W ramach zadania planowane s\u0105 dzia\u0142ania pilota\u017cowe i przeprowadzenie kampanii spo\u0142ecznej na rzecz odpowiedzialnej urbanizacji.<\/p>\n\n\n\n<p><\/p>\n\n\n\n<h3><strong>Partnerzy<\/strong><\/h3>\n\n\n\n<div class=\"wp-block-image\"><figure class=\"aligncenter size-large is-resized\"><a href=\"https:\/\/www.gov.pl\/web\/rozwoj-technologia\" target=\"_blank\" rel=\"noopener\"><img loading=\"lazy\" src=\"https:\/\/newurbpact.pl\/wp-content\/uploads\/2021\/10\/MRiT_LOGO_POZIOM_PL_biale_tlo-e1633351686617-1024x317.png\" alt=\"\" class=\"wp-image-1678\" width=\"512\" height=\"159\" srcset=\"https:\/\/newurbpact.pl\/wp-content\/uploads\/2021\/10\/MRiT_LOGO_POZIOM_PL_biale_tlo-e1633351686617-1024x317.png 1024w, https:\/\/newurbpact.pl\/wp-content\/uploads\/2021\/10\/MRiT_LOGO_POZIOM_PL_biale_tlo-e1633351686617-300x93.png 300w, https:\/\/newurbpact.pl\/wp-content\/uploads\/2021\/10\/MRiT_LOGO_POZIOM_PL_biale_tlo-e1633351686617-768x237.png 768w, https:\/\/newurbpact.pl\/wp-content\/uploads\/2021\/10\/MRiT_LOGO_POZIOM_PL_biale_tlo-e1633351686617-1536x475.png 1536w, https:\/\/newurbpact.pl\/wp-content\/uploads\/2021\/10\/MRiT_LOGO_POZIOM_PL_biale_tlo-e1633351686617-2048x633.png 2048w, https:\/\/newurbpact.pl\/wp-content\/uploads\/2021\/10\/MRiT_LOGO_POZIOM_PL_biale_tlo-e1633351686617-600x185.png 600w, https:\/\/newurbpact.pl\/wp-content\/uploads\/2021\/10\/MRiT_LOGO_POZIOM_PL_biale_tlo-e1633351686617-273x84.png 273w, https:\/\/newurbpact.pl\/wp-content\/uploads\/2021\/10\/MRiT_LOGO_POZIOM_PL_biale_tlo-e1633351686617-546x169.png 546w, https:\/\/newurbpact.pl\/wp-content\/uploads\/2021\/10\/MRiT_LOGO_POZIOM_PL_biale_tlo-e1633351686617-1200x371.png 1200w, https:\/\/newurbpact.pl\/wp-content\/uploads\/2021\/10\/MRiT_LOGO_POZIOM_PL_biale_tlo-e1633351686617-1160x359.png 1160w\" sizes=\"(max-width: 512px) 100vw, 512px\" \/><\/a><\/figure><\/div>\n\n\n\n<ul><li><strong>Ministerstwo Rozwoju i Technologii <\/strong>(Lider konsorcjum)<br>W projekcie reprezentowane jest przez Departament Polityki Przestrzennej. Do jego kompetencji nale\u017cy m.in. opracowanie rozwi\u0105za\u0144 systemowych w sferze planowania i zagospodarowania przestrzennego oraz prowadzenie krajowej polityki przestrzennej (w tym realizacja i monitorowanie komponent\u00f3w przestrzennych strategii i program\u00f3w). W\u015br\u00f3d zada\u0144 Departamentu znajduje si\u0119 r\u00f3wnie\u017c inicjowanie oraz wspieranie bada\u0144, program\u00f3w i projekt\u00f3w pilota\u017cowych w zakresie planowania przestrzennego. Departament Polityki Przestrzennej, w ramach Programu Operacyjnego Wiedza Edukacja Rozw\u00f3j na lata 2014\u20132020, realizuje projekty ukierunkowane na zwi\u0119kszenie potencja\u0142u instytucjonalnego administracji publicznej w obszarze planowania przestrzennego oraz usprawnienia proces\u00f3w inwestycyjno-budowlanych.<\/li><\/ul>\n\n\n\n<div class=\"wp-block-image\"><figure class=\"aligncenter size-medium\"><a href=\"http:\/\/irmir.pl\/\" target=\"_blank\" rel=\"noopener\"><img loading=\"lazy\" width=\"300\" height=\"103\" src=\"https:\/\/newurbpact.pl\/wp-content\/uploads\/2020\/10\/irmir-logo-transparent-300x103.png\" alt=\"\" class=\"wp-image-1257\" srcset=\"https:\/\/newurbpact.pl\/wp-content\/uploads\/2020\/10\/irmir-logo-transparent-300x103.png 300w, https:\/\/newurbpact.pl\/wp-content\/uploads\/2020\/10\/irmir-logo-transparent-768x263.png 768w, https:\/\/newurbpact.pl\/wp-content\/uploads\/2020\/10\/irmir-logo-transparent-600x206.png 600w, https:\/\/newurbpact.pl\/wp-content\/uploads\/2020\/10\/irmir-logo-transparent-273x94.png 273w, https:\/\/newurbpact.pl\/wp-content\/uploads\/2020\/10\/irmir-logo-transparent-546x187.png 546w, https:\/\/newurbpact.pl\/wp-content\/uploads\/2020\/10\/irmir-logo-transparent.png 770w\" sizes=\"(max-width: 300px) 100vw, 300px\" \/><\/a><\/figure><\/div>\n\n\n\n<ul><li><strong>Instytut Rozwoju Miast i Region\u00f3w<\/strong> <br>Instytut badawczy, nadzorowany przez Ministerstwo Funduszy i Polityki Regionalnej, prowadz\u0105cy dzia\u0142alno\u015b\u0107 badawczo-rozwojow\u0105 w zakresie planowania i zagospodarowania przestrzennego, rewitalizacji, mieszkalnictwa, polityki regionalnej, zarz\u0105dzania publicznego i szeroko rozumianych proces\u00f3w rozwoju miast i ich obszar\u00f3w funkcjonalnych. Wyniki prac realizowanych przez Instytut stanowi\u0105 \u017ar\u00f3d\u0142o wiedzy wykorzystywanej przez ministerstwa i urz\u0119dy centralne oraz w\u0142adze samorz\u0105dowe r\u00f3\u017cnych szczebli. Instytut Rozwoju Miast i Region\u00f3w posiada bogate do\u015bwiadczenie w realizacji i zarz\u0105dzaniu krajowymi i zagranicznymi projektami badawczymi, finansowanymi m.in. ze \u015brodk\u00f3w funduszy europejskich, Mi\u0119dzynarodowego Funduszu Wyszehradzkiego, Polsko-Niemieckiej Fundacji na rzecz Nauki, Narodowego Centrum Bada\u0144 i Rozwoju oraz Narodowego Centrum Nauki. Do\u015bwiadczenia aplikacyjne Instytutu obejmuj\u0105 m.in. realizacj\u0119 projekt\u00f3w Polskiej Pomocy Rozwojowej we Lwowie, realizacj\u0119 szeregu projekt\u00f3w szkoleniowych i doradczych, organizacj\u0119 du\u017cych konferencji naukowo-bran\u017cowych, opracowanie dokument\u00f3w planistycznych i wdro\u017ceniowych dla samorz\u0105d\u00f3w.<\/li><\/ul>\n\n\n\n<div class=\"wp-block-image\"><figure class=\"aligncenter size-medium\"><a href=\"https:\/\/rekrutacja.lazarski.pl\/\" target=\"_blank\" rel=\"noopener\"><img loading=\"lazy\" width=\"300\" height=\"269\" src=\"https:\/\/newurbpact.pl\/wp-content\/uploads\/2020\/10\/Logo_Uczelnia_Lazarskiego_PL_color-300x269.png\" alt=\"\" class=\"wp-image-1256\" srcset=\"https:\/\/newurbpact.pl\/wp-content\/uploads\/2020\/10\/Logo_Uczelnia_Lazarskiego_PL_color-300x269.png 300w, https:\/\/newurbpact.pl\/wp-content\/uploads\/2020\/10\/Logo_Uczelnia_Lazarskiego_PL_color-768x688.png 768w, https:\/\/newurbpact.pl\/wp-content\/uploads\/2020\/10\/Logo_Uczelnia_Lazarskiego_PL_color-600x538.png 600w, https:\/\/newurbpact.pl\/wp-content\/uploads\/2020\/10\/Logo_Uczelnia_Lazarskiego_PL_color-273x245.png 273w, https:\/\/newurbpact.pl\/wp-content\/uploads\/2020\/10\/Logo_Uczelnia_Lazarskiego_PL_color-546x489.png 546w, https:\/\/newurbpact.pl\/wp-content\/uploads\/2020\/10\/Logo_Uczelnia_Lazarskiego_PL_color.png 836w\" sizes=\"(max-width: 300px) 100vw, 300px\" \/><\/a><\/figure><\/div>\n\n\n\n<ul><li><strong>Uczelnia \u0141azarskiego<\/strong> <br>Reprezentowana w projekcie przez Wydzia\u0142 Ekonomii i Zarz\u0105dzania. Dzia\u0142alno\u015b\u0107 naukowa pracownik\u00f3w Wydzia\u0142u obejmuje szeroki zakres prac naukowo-badawczych, mieszcz\u0105cych si\u0119 g\u0142\u00f3wnie w dziedzinie nauk ekonomicznych (w tym ekonomii, finansach i naukach o zarz\u0105dzaniu) i w dziedzinie nauk spo\u0142ecznych (w dyscyplinie nauk o polityce). Pracownicy Wydzia\u0142u realizuj\u0105 badania krajowe i zagraniczne w ramach projekt\u00f3w Narodowego Centrum Nauki, Narodowego Banku Polskiego, Komisji Europejskiej oraz na zlecenie firm i innych instytucji. Ponadto badania prowadzone s\u0105 przy wsp\u00f3\u0142pracy instytucjonalnej i indywidualnej pomi\u0119dzy poszczeg\u00f3lnymi naukowcami, jak i zagranicznymi jednostkami naukowymi, w\u015br\u00f3d kt\u00f3rych wypada wymieni\u0107 m.in.: Oxford University, Fachhochschule M\u00fcnster, Coventry University, Bocconi University, Minot State University, Transcarpathian State University, International Statistical Institute, Amsterdam University, University College London, Bonn University, Univeristy of Rotterdam.<\/li><\/ul>\n","protected":false},"excerpt":{"rendered":"<p>Nowy model urbanizacji w Polsce &#8211; praktyczne wdro\u017cenie zasad odpowiedzialnej urbanizacji oraz miasta zwartego Instytut Rozwoju Miast i Region\u00f3w, wsp\u00f3lnie z Ministerstwem Rozwoju i Technologii (Lider konsorcjum) oraz Uczelni\u0105 \u0141azarskiego, realizuje projekt \u201eNowy model urbanizacji w Polsce \u2013 praktyczne wdro\u017cenie zasad odpowiedzialnej urbanizacji oraz miasta zwartego (NewUrbPact)&#8221;, wsp\u00f3\u0142finansowany przez Narodowe Centrum Bada\u0144 i Rozwoju w [&hellip;]<\/p>\n","protected":false},"author":1,"featured_media":0,"parent":0,"menu_order":0,"comment_status":"closed","ping_status":"closed","template":"","meta":[],"_links":{"self":[{"href":"https:\/\/newurbpact.pl\/index.php?rest_route=\/wp\/v2\/pages\/84"}],"collection":[{"href":"https:\/\/newurbpact.pl\/index.php?rest_route=\/wp\/v2\/pages"}],"about":[{"href":"https:\/\/newurbpact.pl\/index.php?rest_route=\/wp\/v2\/types\/page"}],"author":[{"embeddable":true,"href":"https:\/\/newurbpact.pl\/index.php?rest_route=\/wp\/v2\/users\/1"}],"replies":[{"embeddable":true,"href":"https:\/\/newurbpact.pl\/index.php?rest_route=%2Fwp%2Fv2%2Fcomments&post=84"}],"version-history":[{"count":5,"href":"https:\/\/newurbpact.pl\/index.php?rest_route=\/wp\/v2\/pages\/84\/revisions"}],"predecessor-version":[{"id":1919,"href":"https:\/\/newurbpact.pl\/index.php?rest_route=\/wp\/v2\/pages\/84\/revisions\/1919"}],"wp:attachment":[{"href":"https:\/\/newurbpact.pl\/index.php?rest_route=%2Fwp%2Fv2%2Fmedia&parent=84"}],"curies":[{"name":"wp","href":"https:\/\/api.w.org\/{rel}","templated":true}]}}