{"id":490,"date":"2020-09-29T11:34:35","date_gmt":"2020-09-29T09:34:35","guid":{"rendered":"http:\/\/bravenew.hekko24.pl\/wiecejladu\/?page_id=490"},"modified":"2021-07-01T10:20:30","modified_gmt":"2021-07-01T08:20:30","slug":"pilotaze","status":"publish","type":"page","link":"https:\/\/newurbpact.pl\/?page_id=490","title":{"rendered":"Pilota\u017ce"},"content":{"rendered":"\n<h4><strong>W ramach fazy przygotowania wynik\u00f3w bada\u0144 naukowych do zastosowania w praktyce zaplanowano przeprowadzenie konsultacji i pilota\u017cy modelowych rozwi\u0105za\u0144 na rzecz odpowiedzialnej urbanizacji w Polsce. Na tym etapie opracowane zostan\u0105 trzy rodzaje wzorcowych rozwi\u0105za\u0144 i b\u0119d\u0105 to: strategia rozwoju ponadlokalnego, program rewitalizacji oraz plan og\u00f3lny zagospodarowania przestrzennego.<\/strong><\/h4>\n\n\n\n<h5>Aplikacyjny wymiar projektu NewUrbPact<\/h5>\n\n\n\n<p>Przygotowanie wynik\u00f3w bada\u0144 naukowych do zastosowania w praktyce obejmuje organizacj\u0119 wizyt studyjnych oraz konferencji, seminari\u00f3w eksperckich i spotka\u0144 konsultacyjnych w wybranych o\u015brodkach, podczas kt\u00f3rych prezentowane i dyskutowane b\u0119d\u0105 propozycje modelowych rozwi\u0105za\u0144 na rzecz odpowiedzialnej urbanizacji w Polsce.&nbsp;<\/p>\n\n\n\n<h5>Modelowy program rewitalizacji dla Radomska <\/h5>\n\n\n\n<p>Do przeprowadzenia dzia\u0142a\u0144 pilota\u017cowych z zakresu rewitalizacji wybrano miasto Radomsko, dla kt\u00f3rego zesp\u00f3\u0142 ekspert\u00f3w opracuje program rewitalizacji wraz z koncepcj\u0105 urbanistyczno-architektoniczn\u0105 dla obszaru rewitalizacji. Zako\u0144czenie realizacji tego zadania zaplanowano na koniec grudnia 2021 roku. <\/p>\n\n\n\n<h5>Integrowanie dzia\u0142a\u0144 ponadlokalnych na przyk\u0142adzie GZM <\/h5>\n\n\n\n<p>Do przeprowadzenia bada\u0144 nad wzorcowymi za\u0142o\u017ceniami rozwoju obszaru metropolitalnego wybrano obszar G\u00f3rno\u015bl\u0105sko-Zag\u0142\u0119biowskiej Metropolii. Planowane w ramach zadania prace pos\u0142u\u017c\u0105 opracowaniu modelowej strategii rozwoju ponadregionalnego i zako\u0144cz\u0105 si\u0119 w pierwszej po\u0142owie 2021 roku.<\/p>\n\n\n\n<p><\/p>\n","protected":false},"excerpt":{"rendered":"<p>W ramach fazy przygotowania wynik\u00f3w bada\u0144 naukowych do zastosowania w praktyce zaplanowano przeprowadzenie konsultacji i pilota\u017cy modelowych rozwi\u0105za\u0144 na rzecz odpowiedzialnej urbanizacji w Polsce. Na tym etapie opracowane zostan\u0105 trzy rodzaje wzorcowych rozwi\u0105za\u0144 i b\u0119d\u0105 to: strategia rozwoju ponadlokalnego, program rewitalizacji oraz plan og\u00f3lny zagospodarowania przestrzennego. Aplikacyjny wymiar projektu NewUrbPact Przygotowanie wynik\u00f3w bada\u0144 naukowych do [&hellip;]<\/p>\n","protected":false},"author":1,"featured_media":0,"parent":0,"menu_order":0,"comment_status":"closed","ping_status":"closed","template":"page-templates\/planowanie-przestrzenne.php","meta":[],"_links":{"self":[{"href":"https:\/\/newurbpact.pl\/index.php?rest_route=\/wp\/v2\/pages\/490"}],"collection":[{"href":"https:\/\/newurbpact.pl\/index.php?rest_route=\/wp\/v2\/pages"}],"about":[{"href":"https:\/\/newurbpact.pl\/index.php?rest_route=\/wp\/v2\/types\/page"}],"author":[{"embeddable":true,"href":"https:\/\/newurbpact.pl\/index.php?rest_route=\/wp\/v2\/users\/1"}],"replies":[{"embeddable":true,"href":"https:\/\/newurbpact.pl\/index.php?rest_route=%2Fwp%2Fv2%2Fcomments&post=490"}],"version-history":[{"count":5,"href":"https:\/\/newurbpact.pl\/index.php?rest_route=\/wp\/v2\/pages\/490\/revisions"}],"predecessor-version":[{"id":1671,"href":"https:\/\/newurbpact.pl\/index.php?rest_route=\/wp\/v2\/pages\/490\/revisions\/1671"}],"wp:attachment":[{"href":"https:\/\/newurbpact.pl\/index.php?rest_route=%2Fwp%2Fv2%2Fmedia&parent=490"}],"curies":[{"name":"wp","href":"https:\/\/api.w.org\/{rel}","templated":true}]}}